{"id":766,"date":"2023-10-13T10:47:52","date_gmt":"2023-10-13T08:47:52","guid":{"rendered":"https:\/\/abomin.net\/?page_id=766"},"modified":"2025-10-07T11:21:44","modified_gmt":"2025-10-07T09:21:44","slug":"nitron","status":"publish","type":"page","link":"https:\/\/www.abomin.net\/de\/nitron\/","title":{"rendered":"Nitron"},"content":{"rendered":"<div data-elementor-type=\"wp-page\" data-elementor-id=\"766\" class=\"elementor elementor-766\" data-elementor-post-type=\"page\">\n\t\t\t\t\t\t<section class=\"elementor-section elementor-top-section elementor-element elementor-element-ecb497f elementor-section-height-min-height elementor-section-boxed elementor-section-height-default elementor-section-items-middle\" data-id=\"ecb497f\" data-element_type=\"section\" data-settings=\"{&quot;background_background&quot;:&quot;classic&quot;}\">\n\t\t\t\t\t\t\t<div class=\"elementor-background-overlay\"><\/div>\n\t\t\t\t\t\t\t<div class=\"elementor-container elementor-column-gap-default\">\n\t\t\t\t\t<div class=\"elementor-column elementor-col-100 elementor-top-column elementor-element elementor-element-89f3152\" data-id=\"89f3152\" data-element_type=\"column\">\n\t\t\t<div class=\"elementor-widget-wrap elementor-element-populated\">\n\t\t\t\t\t\t<div class=\"elementor-element elementor-element-0056070 elementor-invisible elementor-widget elementor-widget-heading\" data-id=\"0056070\" data-element_type=\"widget\" data-settings=\"{&quot;_animation&quot;:&quot;fadeIn&quot;}\" data-widget_type=\"heading.default\">\n\t\t\t\t<div class=\"elementor-widget-container\">\n\t\t\t\t\t<h1 class=\"elementor-heading-title elementor-size-default\">Makes, farming simple.<\/h1>\t\t\t\t<\/div>\n\t\t\t\t<\/div>\n\t\t\t\t<div class=\"elementor-element elementor-element-ec36383 elementor-widget elementor-widget-text-editor\" data-id=\"ec36383\" data-element_type=\"widget\" data-widget_type=\"text-editor.default\">\n\t\t\t\t<div class=\"elementor-widget-container\">\n\t\t\t\t\t\t\t\t\t<p>Abomin revolutioniert die Art und Weise, wie wir 100% nat\u00fcrliche Landwirtschaft betreiben.<\/p>\t\t\t\t\t\t\t\t<\/div>\n\t\t\t\t<\/div>\n\t\t\t\t\t<\/div>\n\t\t<\/div>\n\t\t\t\t\t<\/div>\n\t\t<\/section>\n\t\t\t\t<section class=\"elementor-section elementor-top-section elementor-element elementor-element-de9f23d sezione-standard elementor-section-boxed elementor-section-height-default elementor-section-height-default\" data-id=\"de9f23d\" data-element_type=\"section\">\n\t\t\t\t\t\t<div class=\"elementor-container elementor-column-gap-default\">\n\t\t\t\t\t<div class=\"elementor-column elementor-col-50 elementor-top-column elementor-element elementor-element-f074d0e\" data-id=\"f074d0e\" data-element_type=\"column\">\n\t\t\t<div class=\"elementor-widget-wrap elementor-element-populated\">\n\t\t\t\t\t\t<div class=\"elementor-element elementor-element-605d62f elementor-widget__width-initial elementor-widget elementor-widget-image\" data-id=\"605d62f\" data-element_type=\"widget\" data-widget_type=\"image.default\">\n\t\t\t\t<div class=\"elementor-widget-container\">\n\t\t\t\t\t\t\t\t\t\t\t\t\t\t\t<img decoding=\"async\" width=\"198\" height=\"75\" src=\"https:\/\/www.abomin.net\/wp-content\/uploads\/2023\/10\/Logo-Nitron.png\" class=\"attachment-full size-full wp-image-774\" alt=\"\" srcset=\"https:\/\/www.abomin.net\/wp-content\/uploads\/2023\/10\/Logo-Nitron.png 198w, https:\/\/www.abomin.net\/wp-content\/uploads\/2023\/10\/Logo-Nitron-18x7.png 18w\" sizes=\"(max-width: 198px) 100vw, 198px\" \/>\t\t\t\t\t\t\t\t\t\t\t\t\t\t\t<\/div>\n\t\t\t\t<\/div>\n\t\t\t\t<div class=\"elementor-element elementor-element-2b8a371 elementor-widget__width-initial elementor-widget-tablet__width-inherit elementor-widget elementor-widget-text-editor\" data-id=\"2b8a371\" data-element_type=\"widget\" data-widget_type=\"text-editor.default\">\n\t\t\t\t<div class=\"elementor-widget-container\">\n\t\t\t\t\t\t\t\t\t<p><strong>Nitron<\/strong> <strong>Nitron<\/strong> ist ein f\u00fchrendes amerikanisches Rohstoff-Unternehmen im Bereich der landwirtschaftlichen D\u00fcngung sowie einer der Hauptk\u00e4ufer von verschiedenen Produkten aus europ\u00e4ischen und baltischen L\u00e4ndern, aus China, dem Mittleren Osten, Afrika und Nordamerika.<\/p><p><strong>Produktbeschaffung:<\/strong><br \/>Nitrate: Harnstoff, Ammoniak-Harnstoff, Ammoniak, Ammoniumsulfat<br \/>Phosphite: DAP, MAP, SSP, TSP<br \/>Kalium: Granulat, Kaliumsulfat<br \/>Sonderprodukte: wasserl\u00f6sliche Produkte, Sulfate, Weizen, Abomin, Futter<\/p>\t\t\t\t\t\t\t\t<\/div>\n\t\t\t\t<\/div>\n\t\t\t\t\t<\/div>\n\t\t<\/div>\n\t\t\t\t<div class=\"elementor-column elementor-col-50 elementor-top-column elementor-element elementor-element-9236459\" data-id=\"9236459\" data-element_type=\"column\" data-settings=\"{&quot;background_background&quot;:&quot;classic&quot;}\">\n\t\t\t<div class=\"elementor-widget-wrap elementor-element-populated\">\n\t\t\t\t\t\t<section class=\"elementor-section elementor-inner-section elementor-element elementor-element-6f53b2e animated-fast elementor-section-boxed elementor-section-height-default elementor-section-height-default elementor-invisible\" data-id=\"6f53b2e\" data-element_type=\"section\" data-settings=\"{&quot;animation&quot;:&quot;fadeInUp&quot;}\">\n\t\t\t\t\t\t<div class=\"elementor-container elementor-column-gap-default\">\n\t\t\t\t\t<div class=\"elementor-column elementor-col-50 elementor-inner-column elementor-element elementor-element-77a2c63\" data-id=\"77a2c63\" data-element_type=\"column\" data-settings=\"{&quot;background_background&quot;:&quot;classic&quot;}\">\n\t\t\t<div class=\"elementor-widget-wrap elementor-element-populated\">\n\t\t\t\t\t\t<div class=\"elementor-element elementor-element-4ff57bb elementor-widget elementor-widget-text-editor\" data-id=\"4ff57bb\" data-element_type=\"widget\" data-widget_type=\"text-editor.default\">\n\t\t\t\t<div class=\"elementor-widget-container\">\n\t\t\t\t\t\t\t\t\tUmsatz ca.\t\t\t\t\t\t\t\t<\/div>\n\t\t\t\t<\/div>\n\t\t\t\t<div class=\"elementor-element elementor-element-0e16da8 elementor-widget elementor-widget-text-editor\" data-id=\"0e16da8\" data-element_type=\"widget\" data-settings=\"{&quot;_animation&quot;:&quot;none&quot;}\" data-widget_type=\"text-editor.default\">\n\t\t\t\t<div class=\"elementor-widget-container\">\n\t\t\t\t\t\t\t\t\t2,4 Mrd.\t\t\t\t\t\t\t\t<\/div>\n\t\t\t\t<\/div>\n\t\t\t\t<div class=\"elementor-element elementor-element-9c192d7 elementor-widget elementor-widget-text-editor\" data-id=\"9c192d7\" data-element_type=\"widget\" data-widget_type=\"text-editor.default\">\n\t\t\t\t<div class=\"elementor-widget-container\">\n\t\t\t\t\t\t\t\t\tDollar\t\t\t\t\t\t\t\t<\/div>\n\t\t\t\t<\/div>\n\t\t\t\t\t<\/div>\n\t\t<\/div>\n\t\t\t\t<div class=\"elementor-column elementor-col-50 elementor-inner-column elementor-element elementor-element-792b762\" data-id=\"792b762\" data-element_type=\"column\" data-settings=\"{&quot;background_background&quot;:&quot;classic&quot;}\">\n\t\t\t<div class=\"elementor-widget-wrap elementor-element-populated\">\n\t\t\t\t\t\t<div class=\"elementor-element elementor-element-add7692 elementor-widget elementor-widget-text-editor\" data-id=\"add7692\" data-element_type=\"widget\" data-settings=\"{&quot;_animation&quot;:&quot;none&quot;}\" data-widget_type=\"text-editor.default\">\n\t\t\t\t<div class=\"elementor-widget-container\">\n\t\t\t\t\t\t\t\t\t7,3 Mio.\t\t\t\t\t\t\t\t<\/div>\n\t\t\t\t<\/div>\n\t\t\t\t<div class=\"elementor-element elementor-element-4ae8ed4 elementor-widget elementor-widget-text-editor\" data-id=\"4ae8ed4\" data-element_type=\"widget\" data-widget_type=\"text-editor.default\">\n\t\t\t\t<div class=\"elementor-widget-container\">\n\t\t\t\t\t\t\t\t\tmt\t\t\t\t\t\t\t\t<\/div>\n\t\t\t\t<\/div>\n\t\t\t\t\t<\/div>\n\t\t<\/div>\n\t\t\t\t\t<\/div>\n\t\t<\/section>\n\t\t\t\t<section class=\"elementor-section elementor-inner-section elementor-element elementor-element-73abcca elementor-section-boxed elementor-section-height-default elementor-section-height-default\" data-id=\"73abcca\" data-element_type=\"section\">\n\t\t\t\t\t\t<div class=\"elementor-container elementor-column-gap-default\">\n\t\t\t\t\t<div class=\"elementor-column elementor-col-100 elementor-inner-column elementor-element elementor-element-b1903ca\" data-id=\"b1903ca\" data-element_type=\"column\" data-settings=\"{&quot;background_background&quot;:&quot;classic&quot;}\">\n\t\t\t<div class=\"elementor-widget-wrap elementor-element-populated\">\n\t\t\t\t\t\t<div class=\"elementor-element elementor-element-55074ff elementor-widget elementor-widget-text-editor\" data-id=\"55074ff\" data-element_type=\"widget\" data-widget_type=\"text-editor.default\">\n\t\t\t\t<div class=\"elementor-widget-container\">\n\t\t\t\t\t\t\t\t\tKreditrahmen bei einem Finanzinstitut von\t\t\t\t\t\t\t\t<\/div>\n\t\t\t\t<\/div>\n\t\t\t\t<div class=\"elementor-element elementor-element-6f16139 elementor-widget elementor-widget-text-editor\" data-id=\"6f16139\" data-element_type=\"widget\" data-settings=\"{&quot;_animation&quot;:&quot;none&quot;}\" data-widget_type=\"text-editor.default\">\n\t\t\t\t<div class=\"elementor-widget-container\">\n\t\t\t\t\t\t\t\t\t\u00fcber 850 Mio.\t\t\t\t\t\t\t\t<\/div>\n\t\t\t\t<\/div>\n\t\t\t\t<div class=\"elementor-element elementor-element-4a9cf72 elementor-widget elementor-widget-text-editor\" data-id=\"4a9cf72\" data-element_type=\"widget\" data-widget_type=\"text-editor.default\">\n\t\t\t\t<div class=\"elementor-widget-container\">\n\t\t\t\t\t\t\t\t\tDollar\t\t\t\t\t\t\t\t<\/div>\n\t\t\t\t<\/div>\n\t\t\t\t\t<\/div>\n\t\t<\/div>\n\t\t\t\t\t<\/div>\n\t\t<\/section>\n\t\t\t\t<section class=\"elementor-section elementor-inner-section elementor-element elementor-element-0d4116a animated-fast elementor-section-boxed elementor-section-height-default elementor-section-height-default elementor-invisible\" data-id=\"0d4116a\" data-element_type=\"section\" data-settings=\"{&quot;animation&quot;:&quot;fadeInDown&quot;}\">\n\t\t\t\t\t\t<div class=\"elementor-container elementor-column-gap-default\">\n\t\t\t\t\t<div class=\"elementor-column elementor-col-50 elementor-inner-column elementor-element elementor-element-12abdf9\" data-id=\"12abdf9\" data-element_type=\"column\" data-settings=\"{&quot;background_background&quot;:&quot;classic&quot;}\">\n\t\t\t<div class=\"elementor-widget-wrap elementor-element-populated\">\n\t\t\t\t\t\t<div class=\"elementor-element elementor-element-bbb32eb elementor-widget elementor-widget-text-editor\" data-id=\"bbb32eb\" data-element_type=\"widget\" data-widget_type=\"text-editor.default\">\n\t\t\t\t<div class=\"elementor-widget-container\">\n\t\t\t\t\t\t\t\t\tArbeit auf allen\t\t\t\t\t\t\t\t<\/div>\n\t\t\t\t<\/div>\n\t\t\t\t<div class=\"elementor-element elementor-element-4bf93dc elementor-widget elementor-widget-text-editor\" data-id=\"4bf93dc\" data-element_type=\"widget\" data-settings=\"{&quot;_animation&quot;:&quot;none&quot;}\" data-widget_type=\"text-editor.default\">\n\t\t\t\t<div class=\"elementor-widget-container\">\n\t\t\t\t\t\t\t\t\t5 Kontinenten\t\t\t\t\t\t\t\t<\/div>\n\t\t\t\t<\/div>\n\t\t\t\t\t<\/div>\n\t\t<\/div>\n\t\t\t\t<div class=\"elementor-column elementor-col-50 elementor-inner-column elementor-element elementor-element-cc9fd1d\" data-id=\"cc9fd1d\" data-element_type=\"column\" data-settings=\"{&quot;background_background&quot;:&quot;classic&quot;}\">\n\t\t\t<div class=\"elementor-widget-wrap elementor-element-populated\">\n\t\t\t\t\t\t<div class=\"elementor-element elementor-element-816b2e4 elementor-widget elementor-widget-text-editor\" data-id=\"816b2e4\" data-element_type=\"widget\" data-settings=\"{&quot;_animation&quot;:&quot;none&quot;}\" data-widget_type=\"text-editor.default\">\n\t\t\t\t<div class=\"elementor-widget-container\">\n\t\t\t\t\t\t\t\t\t80+\t\t\t\t\t\t\t\t<\/div>\n\t\t\t\t<\/div>\n\t\t\t\t<div class=\"elementor-element elementor-element-e3307f5 elementor-widget elementor-widget-text-editor\" data-id=\"e3307f5\" data-element_type=\"widget\" data-widget_type=\"text-editor.default\">\n\t\t\t\t<div class=\"elementor-widget-container\">\n\t\t\t\t\t\t\t\t\t<p>Lieferanten<\/p>\t\t\t\t\t\t\t\t<\/div>\n\t\t\t\t<\/div>\n\t\t\t\t\t<\/div>\n\t\t<\/div>\n\t\t\t\t\t<\/div>\n\t\t<\/section>\n\t\t\t\t\t<\/div>\n\t\t<\/div>\n\t\t\t\t\t<\/div>\n\t\t<\/section>\n\t\t\t\t<section class=\"elementor-section elementor-top-section elementor-element elementor-element-e2e1a88 elementor-section-height-min-height -standard elementor-hidden-desktop elementor-hidden-tablet elementor-hidden-mobile elementor-section-boxed elementor-section-height-default elementor-section-items-middle\" data-id=\"e2e1a88\" data-element_type=\"section\">\n\t\t\t\t\t\t<div class=\"elementor-container elementor-column-gap-default\">\n\t\t\t\t\t<div class=\"elementor-column elementor-col-50 elementor-top-column elementor-element elementor-element-82587e2\" data-id=\"82587e2\" data-element_type=\"column\" data-settings=\"{&quot;background_background&quot;:&quot;classic&quot;}\">\n\t\t\t<div class=\"elementor-widget-wrap elementor-element-populated\">\n\t\t\t\t\t\t<div class=\"elementor-element elementor-element-b11c12d elementor-widget elementor-widget-image\" data-id=\"b11c12d\" data-element_type=\"widget\" data-widget_type=\"image.default\">\n\t\t\t\t<div class=\"elementor-widget-container\">\n\t\t\t\t\t\t\t\t\t\t\t\t\t\t\t<img fetchpriority=\"high\" decoding=\"async\" width=\"890\" height=\"717\" src=\"https:\/\/www.abomin.net\/wp-content\/uploads\/2023\/10\/Mappa-Abomin.png\" class=\"attachment-full size-full wp-image-812\" alt=\"\" srcset=\"https:\/\/www.abomin.net\/wp-content\/uploads\/2023\/10\/Mappa-Abomin.png 890w, https:\/\/www.abomin.net\/wp-content\/uploads\/2023\/10\/Mappa-Abomin-300x242.png 300w, https:\/\/www.abomin.net\/wp-content\/uploads\/2023\/10\/Mappa-Abomin-768x619.png 768w, https:\/\/www.abomin.net\/wp-content\/uploads\/2023\/10\/Mappa-Abomin-15x12.png 15w\" sizes=\"(max-width: 890px) 100vw, 890px\" \/>\t\t\t\t\t\t\t\t\t\t\t\t\t\t\t<\/div>\n\t\t\t\t<\/div>\n\t\t\t\t\t<\/div>\n\t\t<\/div>\n\t\t\t\t<div class=\"elementor-column elementor-col-50 elementor-top-column elementor-element elementor-element-a2da4bc\" data-id=\"a2da4bc\" data-element_type=\"column\">\n\t\t\t<div class=\"elementor-widget-wrap elementor-element-populated\">\n\t\t\t\t\t\t<div class=\"elementor-element elementor-element-decf9fe elementor-widget__width-initial elementor-widget-tablet__width-inherit elementor-widget elementor-widget-heading\" data-id=\"decf9fe\" data-element_type=\"widget\" data-widget_type=\"heading.default\">\n\t\t\t\t<div class=\"elementor-widget-container\">\n\t\t\t\t\t<h2 class=\"elementor-heading-title elementor-size-default\">Wo Sie Abomin finden k\u00f6nnen<\/h2>\t\t\t\t<\/div>\n\t\t\t\t<\/div>\n\t\t\t\t<div class=\"elementor-element elementor-element-422d681 elementor-widget__width-inherit elementor-widget-tablet__width-inherit elementor-widget elementor-widget-text-editor\" data-id=\"422d681\" data-element_type=\"widget\" data-widget_type=\"text-editor.default\">\n\t\t\t\t<div class=\"elementor-widget-container\">\n\t\t\t\t\t\t\t\t\t<p><strong>Abomin<\/strong> ist ein vom Unternehmen Nitron entwickeltes Projekt. Nitron war die erste Firma, die das enorme Potential dieses Produktes erkannt hat, das nun in 10 L\u00e4ndern in Europa angewendet wird und dessen Verbreitung weiter zunimmt.<\/p>\t\t\t\t\t\t\t\t<\/div>\n\t\t\t\t<\/div>\n\t\t\t\t\t<\/div>\n\t\t<\/div>\n\t\t\t\t\t<\/div>\n\t\t<\/section>\n\t\t\t\t<\/div>","protected":false},"excerpt":{"rendered":"<p>Makes, farming simple. Abomin rivoluziona il modo di fare agricoltura 100% naturale. Nitron \u00e8 un\u2019azienda americana leader nel settore di materie prime dedicate alla nutrizione in ambito agricolo, nonch\u00e9 uno dei maggiori acquirenti di numerosi prodotti provenienti da nazioni europee, baltiche, Cina, Medio Oriente, Africa, Nord America. Product sourcing:\u2022 Nitrati: urea, urea ammoniaca, ammoniaca, solfato [&hellip;]<\/p>","protected":false},"author":1,"featured_media":769,"parent":0,"menu_order":0,"comment_status":"closed","ping_status":"closed","template":"","meta":{"_acf_changed":false,"footnotes":""},"class_list":["post-766","page","type-page","status-publish","has-post-thumbnail","hentry"],"acf":[],"yoast_head":"<!-- This site is optimized with the Yoast SEO plugin v26.5 - https:\/\/yoast.com\/wordpress\/plugins\/seo\/ -->\n<title>Nitron - Abomin<\/title>\n<meta name=\"description\" content=\"Scopri Abomin! un progetto sviluppato da Nitron, azienda che per prima ha saputo cogliere le enormi potenzialit\u00e0 di questo prodotto.\" \/>\n<meta name=\"robots\" content=\"index, follow, max-snippet:-1, max-image-preview:large, max-video-preview:-1\" \/>\n<link rel=\"canonical\" href=\"https:\/\/www.abomin.net\/de\/nitron\/\" \/>\n<meta property=\"og:locale\" content=\"de_DE\" \/>\n<meta property=\"og:type\" content=\"article\" \/>\n<meta property=\"og:title\" content=\"Nitron - Abomin\" \/>\n<meta property=\"og:description\" content=\"Scopri Abomin! un progetto sviluppato da Nitron, azienda che per prima ha saputo cogliere le enormi potenzialit\u00e0 di questo prodotto.\" \/>\n<meta property=\"og:url\" content=\"https:\/\/www.abomin.net\/de\/nitron\/\" \/>\n<meta property=\"og:site_name\" content=\"Abomin\" \/>\n<meta property=\"article:modified_time\" content=\"2025-10-07T09:21:44+00:00\" \/>\n<meta property=\"og:image\" content=\"https:\/\/www.abomin.net\/wp-content\/uploads\/2023\/10\/Nitron-title.jpg\" \/>\n\t<meta property=\"og:image:width\" content=\"1440\" \/>\n\t<meta property=\"og:image:height\" content=\"600\" \/>\n\t<meta property=\"og:image:type\" content=\"image\/jpeg\" \/>\n<meta name=\"twitter:card\" content=\"summary_large_image\" \/>\n<meta name=\"twitter:label1\" content=\"Gesch\u00e4tzte Lesezeit\" \/>\n\t<meta name=\"twitter:data1\" content=\"2\u00a0Minuten\" \/>\n<script type=\"application\/ld+json\" class=\"yoast-schema-graph\">{\"@context\":\"https:\/\/schema.org\",\"@graph\":[{\"@type\":\"WebPage\",\"@id\":\"https:\/\/www.abomin.net\/nitron\/\",\"url\":\"https:\/\/www.abomin.net\/nitron\/\",\"name\":\"Nitron - Abomin\",\"isPartOf\":{\"@id\":\"https:\/\/www.abomin.net\/#website\"},\"primaryImageOfPage\":{\"@id\":\"https:\/\/www.abomin.net\/nitron\/#primaryimage\"},\"image\":{\"@id\":\"https:\/\/www.abomin.net\/nitron\/#primaryimage\"},\"thumbnailUrl\":\"https:\/\/www.abomin.net\/wp-content\/uploads\/2023\/10\/Nitron-title.jpg\",\"datePublished\":\"2023-10-13T08:47:52+00:00\",\"dateModified\":\"2025-10-07T09:21:44+00:00\",\"description\":\"Scopri Abomin! un progetto sviluppato da Nitron, azienda che per prima ha saputo cogliere le enormi potenzialit\u00e0 di questo prodotto.\",\"breadcrumb\":{\"@id\":\"https:\/\/www.abomin.net\/nitron\/#breadcrumb\"},\"inLanguage\":\"de\",\"potentialAction\":[{\"@type\":\"ReadAction\",\"target\":[\"https:\/\/www.abomin.net\/nitron\/\"]}]},{\"@type\":\"ImageObject\",\"inLanguage\":\"de\",\"@id\":\"https:\/\/www.abomin.net\/nitron\/#primaryimage\",\"url\":\"https:\/\/www.abomin.net\/wp-content\/uploads\/2023\/10\/Nitron-title.jpg\",\"contentUrl\":\"https:\/\/www.abomin.net\/wp-content\/uploads\/2023\/10\/Nitron-title.jpg\",\"width\":1440,\"height\":600,\"caption\":\"due mani che tengono una pianta, sfondo verde\"},{\"@type\":\"BreadcrumbList\",\"@id\":\"https:\/\/www.abomin.net\/nitron\/#breadcrumb\",\"itemListElement\":[{\"@type\":\"ListItem\",\"position\":1,\"name\":\"Home\",\"item\":\"https:\/\/www.abomin.net\/\"},{\"@type\":\"ListItem\",\"position\":2,\"name\":\"Nitron\"}]},{\"@type\":\"WebSite\",\"@id\":\"https:\/\/www.abomin.net\/#website\",\"url\":\"https:\/\/www.abomin.net\/\",\"name\":\"Abomin\",\"description\":\"\",\"publisher\":{\"@id\":\"https:\/\/www.abomin.net\/#organization\"},\"potentialAction\":[{\"@type\":\"SearchAction\",\"target\":{\"@type\":\"EntryPoint\",\"urlTemplate\":\"https:\/\/www.abomin.net\/?s={search_term_string}\"},\"query-input\":{\"@type\":\"PropertyValueSpecification\",\"valueRequired\":true,\"valueName\":\"search_term_string\"}}],\"inLanguage\":\"de\"},{\"@type\":\"Organization\",\"@id\":\"https:\/\/www.abomin.net\/#organization\",\"name\":\"Abomin\",\"url\":\"https:\/\/www.abomin.net\/\",\"logo\":{\"@type\":\"ImageObject\",\"inLanguage\":\"de\",\"@id\":\"https:\/\/www.abomin.net\/#\/schema\/logo\/image\/\",\"url\":\"https:\/\/www.abomin.net\/wp-content\/uploads\/2023\/08\/Logo-Abomin.png\",\"contentUrl\":\"https:\/\/www.abomin.net\/wp-content\/uploads\/2023\/08\/Logo-Abomin.png\",\"width\":523,\"height\":218,\"caption\":\"Abomin\"},\"image\":{\"@id\":\"https:\/\/www.abomin.net\/#\/schema\/logo\/image\/\"}}]}<\/script>\n<!-- \/ Yoast SEO plugin. -->","yoast_head_json":{"title":"Nitron - Abomin","description":"Entdecken Sie Abomin! Ein Projekt, das von Nitron entwickelt wurde, einem Unternehmen, das als erstes das enorme Potenzial dieses Produkts erkannt hat.","robots":{"index":"index","follow":"follow","max-snippet":"max-snippet:-1","max-image-preview":"max-image-preview:large","max-video-preview":"max-video-preview:-1"},"canonical":"https:\/\/www.abomin.net\/de\/nitron\/","og_locale":"de_DE","og_type":"article","og_title":"Nitron - Abomin","og_description":"Scopri Abomin! un progetto sviluppato da Nitron, azienda che per prima ha saputo cogliere le enormi potenzialit\u00e0 di questo prodotto.","og_url":"https:\/\/www.abomin.net\/de\/nitron\/","og_site_name":"Abomin","article_modified_time":"2025-10-07T09:21:44+00:00","og_image":[{"width":1440,"height":600,"url":"https:\/\/www.abomin.net\/wp-content\/uploads\/2023\/10\/Nitron-title.jpg","type":"image\/jpeg"}],"twitter_card":"summary_large_image","twitter_misc":{"Gesch\u00e4tzte Lesezeit":"2\u00a0Minuten"},"schema":{"@context":"https:\/\/schema.org","@graph":[{"@type":"WebPage","@id":"https:\/\/www.abomin.net\/nitron\/","url":"https:\/\/www.abomin.net\/nitron\/","name":"Nitron - Abomin","isPartOf":{"@id":"https:\/\/www.abomin.net\/#website"},"primaryImageOfPage":{"@id":"https:\/\/www.abomin.net\/nitron\/#primaryimage"},"image":{"@id":"https:\/\/www.abomin.net\/nitron\/#primaryimage"},"thumbnailUrl":"https:\/\/www.abomin.net\/wp-content\/uploads\/2023\/10\/Nitron-title.jpg","datePublished":"2023-10-13T08:47:52+00:00","dateModified":"2025-10-07T09:21:44+00:00","description":"Entdecken Sie Abomin! Ein Projekt, das von Nitron entwickelt wurde, einem Unternehmen, das als erstes das enorme Potenzial dieses Produkts erkannt hat.","breadcrumb":{"@id":"https:\/\/www.abomin.net\/nitron\/#breadcrumb"},"inLanguage":"de","potentialAction":[{"@type":"ReadAction","target":["https:\/\/www.abomin.net\/nitron\/"]}]},{"@type":"ImageObject","inLanguage":"de","@id":"https:\/\/www.abomin.net\/nitron\/#primaryimage","url":"https:\/\/www.abomin.net\/wp-content\/uploads\/2023\/10\/Nitron-title.jpg","contentUrl":"https:\/\/www.abomin.net\/wp-content\/uploads\/2023\/10\/Nitron-title.jpg","width":1440,"height":600,"caption":"due mani che tengono una pianta, sfondo verde"},{"@type":"BreadcrumbList","@id":"https:\/\/www.abomin.net\/nitron\/#breadcrumb","itemListElement":[{"@type":"ListItem","position":1,"name":"Home","item":"https:\/\/www.abomin.net\/"},{"@type":"ListItem","position":2,"name":"Nitron"}]},{"@type":"WebSite","@id":"https:\/\/www.abomin.net\/#website","url":"https:\/\/www.abomin.net\/","name":"Abomin","description":"","publisher":{"@id":"https:\/\/www.abomin.net\/#organization"},"potentialAction":[{"@type":"SearchAction","target":{"@type":"EntryPoint","urlTemplate":"https:\/\/www.abomin.net\/?s={search_term_string}"},"query-input":{"@type":"PropertyValueSpecification","valueRequired":true,"valueName":"search_term_string"}}],"inLanguage":"de"},{"@type":"Organization","@id":"https:\/\/www.abomin.net\/#organization","name":"Abomin","url":"https:\/\/www.abomin.net\/","logo":{"@type":"ImageObject","inLanguage":"de","@id":"https:\/\/www.abomin.net\/#\/schema\/logo\/image\/","url":"https:\/\/www.abomin.net\/wp-content\/uploads\/2023\/08\/Logo-Abomin.png","contentUrl":"https:\/\/www.abomin.net\/wp-content\/uploads\/2023\/08\/Logo-Abomin.png","width":523,"height":218,"caption":"Abomin"},"image":{"@id":"https:\/\/www.abomin.net\/#\/schema\/logo\/image\/"}}]}},"_links":{"self":[{"href":"https:\/\/www.abomin.net\/de\/wp-json\/wp\/v2\/pages\/766","targetHints":{"allow":["GET"]}}],"collection":[{"href":"https:\/\/www.abomin.net\/de\/wp-json\/wp\/v2\/pages"}],"about":[{"href":"https:\/\/www.abomin.net\/de\/wp-json\/wp\/v2\/types\/page"}],"author":[{"embeddable":true,"href":"https:\/\/www.abomin.net\/de\/wp-json\/wp\/v2\/users\/1"}],"replies":[{"embeddable":true,"href":"https:\/\/www.abomin.net\/de\/wp-json\/wp\/v2\/comments?post=766"}],"version-history":[{"count":117,"href":"https:\/\/www.abomin.net\/de\/wp-json\/wp\/v2\/pages\/766\/revisions"}],"predecessor-version":[{"id":5120,"href":"https:\/\/www.abomin.net\/de\/wp-json\/wp\/v2\/pages\/766\/revisions\/5120"}],"wp:featuredmedia":[{"embeddable":true,"href":"https:\/\/www.abomin.net\/de\/wp-json\/wp\/v2\/media\/769"}],"wp:attachment":[{"href":"https:\/\/www.abomin.net\/de\/wp-json\/wp\/v2\/media?parent=766"}],"curies":[{"name":"wp","href":"https:\/\/api.w.org\/{rel}","templated":true}]}}