{"id":829,"date":"2023-10-13T13:53:45","date_gmt":"2023-10-13T11:53:45","guid":{"rendered":"https:\/\/abomin.net\/?page_id=829"},"modified":"2025-10-07T11:27:18","modified_gmt":"2025-10-07T09:27:18","slug":"normative","status":"publish","type":"page","link":"https:\/\/www.abomin.net\/de\/normative\/","title":{"rendered":"Verordnungen"},"content":{"rendered":"<div data-elementor-type=\"wp-page\" data-elementor-id=\"829\" class=\"elementor elementor-829\" data-elementor-post-type=\"page\">\n\t\t\t\t\t\t<section class=\"elementor-section elementor-top-section elementor-element elementor-element-ecb497f elementor-section-height-min-height elementor-section-boxed elementor-section-height-default elementor-section-items-middle\" data-id=\"ecb497f\" data-element_type=\"section\" data-settings=\"{&quot;background_background&quot;:&quot;classic&quot;}\">\n\t\t\t\t\t\t\t<div class=\"elementor-background-overlay\"><\/div>\n\t\t\t\t\t\t\t<div class=\"elementor-container elementor-column-gap-default\">\n\t\t\t\t\t<div class=\"elementor-column elementor-col-100 elementor-top-column elementor-element elementor-element-89f3152\" data-id=\"89f3152\" data-element_type=\"column\">\n\t\t\t<div class=\"elementor-widget-wrap elementor-element-populated\">\n\t\t\t\t\t\t<div class=\"elementor-element elementor-element-0056070 elementor-invisible elementor-widget elementor-widget-heading\" data-id=\"0056070\" data-element_type=\"widget\" data-settings=\"{&quot;_animation&quot;:&quot;fadeIn&quot;}\" data-widget_type=\"heading.default\">\n\t\t\t\t<div class=\"elementor-widget-container\">\n\t\t\t\t\t<h1 class=\"elementor-heading-title elementor-size-default\">Autorisiert\nin allen Produktspezifikationen<\/h1>\t\t\t\t<\/div>\n\t\t\t\t<\/div>\n\t\t\t\t<div class=\"elementor-element elementor-element-ec36383 elementor-widget elementor-widget-text-editor\" data-id=\"ec36383\" data-element_type=\"widget\" data-widget_type=\"text-editor.default\">\n\t\t\t\t<div class=\"elementor-widget-container\">\n\t\t\t\t\t\t\t\t\t<p class=\"translation-block\">100% nat\u00fcrlich und perfekt <br>erf\u00fcllt alle gesetzlichen Anforderungen.<\/p>\t\t\t\t\t\t\t\t<\/div>\n\t\t\t\t<\/div>\n\t\t\t\t\t<\/div>\n\t\t<\/div>\n\t\t\t\t\t<\/div>\n\t\t<\/section>\n\t\t\t\t<section class=\"elementor-section elementor-top-section elementor-element elementor-element-e2e1a88 sezione-standard-top elementor-section-boxed elementor-section-height-default elementor-section-height-default\" data-id=\"e2e1a88\" data-element_type=\"section\">\n\t\t\t\t\t\t<div class=\"elementor-container elementor-column-gap-default\">\n\t\t\t\t\t<div class=\"elementor-column elementor-col-50 elementor-top-column elementor-element elementor-element-a2da4bc\" data-id=\"a2da4bc\" data-element_type=\"column\">\n\t\t\t<div class=\"elementor-widget-wrap elementor-element-populated\">\n\t\t\t\t\t\t<div class=\"elementor-element elementor-element-decf9fe elementor-widget__width-initial elementor-widget-tablet__width-inherit elementor-widget elementor-widget-heading\" data-id=\"decf9fe\" data-element_type=\"widget\" data-widget_type=\"heading.default\">\n\t\t\t\t<div class=\"elementor-widget-container\">\n\t\t\t\t\t<h2 class=\"elementor-heading-title elementor-size-default\">Es passt perfekt dazu, denn es ist 100% nat\u00fcrlich.<\/h2>\t\t\t\t<\/div>\n\t\t\t\t<\/div>\n\t\t\t\t<div class=\"elementor-element elementor-element-422d681 elementor-widget__width-inherit elementor-widget-tablet__width-inherit elementor-widget elementor-widget-text-editor\" data-id=\"422d681\" data-element_type=\"widget\" data-widget_type=\"text-editor.default\">\n\t\t\t\t<div class=\"elementor-widget-container\">\n\t\t\t\t\t\t\t\t\t<p class=\"translation-block\">Die Europ\u00e4ische Kommission arbeitet seit Jahren an dem ehrgeizigen Projekt (GREEN DEAL) Europa bis 2050 zum ersten klimaneutralen Kontinent zu machen.<\/p><p>Zu diesem Zweck lenkt sie den Agrarsektor in eine Richtung, bei der der Einsatz von chemischen D\u00fcngemitteln und synthetischen Pflanzenschutzmitteln eingeschr\u00e4nkt oder ganz vermieden wird und nat\u00fcrliche und umweltfreundliche L\u00f6sungen gef\u00f6rdert werden.<\/p>\t\t\t\t\t\t\t\t<\/div>\n\t\t\t\t<\/div>\n\t\t\t\t\t<\/div>\n\t\t<\/div>\n\t\t\t\t<div class=\"elementor-column elementor-col-50 elementor-top-column elementor-element elementor-element-82587e2\" data-id=\"82587e2\" data-element_type=\"column\" data-settings=\"{&quot;background_background&quot;:&quot;classic&quot;}\">\n\t\t\t<div class=\"elementor-widget-wrap elementor-element-populated\">\n\t\t\t\t\t\t<div class=\"elementor-element elementor-element-d6cfc64 elementor-widget elementor-widget-image\" data-id=\"d6cfc64\" data-element_type=\"widget\" data-widget_type=\"image.default\">\n\t\t\t\t<div class=\"elementor-widget-container\">\n\t\t\t\t\t\t\t\t\t\t\t\t\t\t\t<img fetchpriority=\"high\" decoding=\"async\" width=\"593\" height=\"593\" src=\"https:\/\/www.abomin.net\/wp-content\/uploads\/2023\/10\/normative1.jpg\" class=\"attachment-full size-full wp-image-848\" alt=\"mano che tiene un grappolo d&#039;uva, sullo sfondo le vigne e i raggi del sole\" srcset=\"https:\/\/www.abomin.net\/wp-content\/uploads\/2023\/10\/normative1.jpg 593w, https:\/\/www.abomin.net\/wp-content\/uploads\/2023\/10\/normative1-300x300.jpg 300w, https:\/\/www.abomin.net\/wp-content\/uploads\/2023\/10\/normative1-150x150.jpg 150w, https:\/\/www.abomin.net\/wp-content\/uploads\/2023\/10\/normative1-12x12.jpg 12w\" sizes=\"(max-width: 593px) 100vw, 593px\" \/>\t\t\t\t\t\t\t\t\t\t\t\t\t\t\t<\/div>\n\t\t\t\t<\/div>\n\t\t\t\t\t<\/div>\n\t\t<\/div>\n\t\t\t\t\t<\/div>\n\t\t<\/section>\n\t\t\t\t<section class=\"elementor-section elementor-top-section elementor-element elementor-element-4f33675 sezione-standard elementor-reverse-mobile elementor-reverse-tablet elementor-section-boxed elementor-section-height-default elementor-section-height-default\" data-id=\"4f33675\" data-element_type=\"section\">\n\t\t\t\t\t\t<div class=\"elementor-container elementor-column-gap-default\">\n\t\t\t\t\t<div class=\"elementor-column elementor-col-50 elementor-top-column elementor-element elementor-element-d714083\" data-id=\"d714083\" data-element_type=\"column\" data-settings=\"{&quot;background_background&quot;:&quot;classic&quot;}\">\n\t\t\t<div class=\"elementor-widget-wrap elementor-element-populated\">\n\t\t\t\t\t\t<div class=\"elementor-element elementor-element-29e5ab2 elementor-widget elementor-widget-image\" data-id=\"29e5ab2\" data-element_type=\"widget\" data-widget_type=\"image.default\">\n\t\t\t\t<div class=\"elementor-widget-container\">\n\t\t\t\t\t\t\t\t\t\t\t\t\t\t\t<img decoding=\"async\" width=\"593\" height=\"593\" src=\"https:\/\/www.abomin.net\/wp-content\/uploads\/2023\/10\/normative2.jpg\" class=\"attachment-full size-full wp-image-849\" alt=\"\" srcset=\"https:\/\/www.abomin.net\/wp-content\/uploads\/2023\/10\/normative2.jpg 593w, https:\/\/www.abomin.net\/wp-content\/uploads\/2023\/10\/normative2-300x300.jpg 300w, https:\/\/www.abomin.net\/wp-content\/uploads\/2023\/10\/normative2-150x150.jpg 150w, https:\/\/www.abomin.net\/wp-content\/uploads\/2023\/10\/normative2-12x12.jpg 12w\" sizes=\"(max-width: 593px) 100vw, 593px\" \/>\t\t\t\t\t\t\t\t\t\t\t\t\t\t\t<\/div>\n\t\t\t\t<\/div>\n\t\t\t\t\t<\/div>\n\t\t<\/div>\n\t\t\t\t<div class=\"elementor-column elementor-col-50 elementor-top-column elementor-element elementor-element-6565e05\" data-id=\"6565e05\" data-element_type=\"column\">\n\t\t\t<div class=\"elementor-widget-wrap elementor-element-populated\">\n\t\t\t\t\t\t<div class=\"elementor-element elementor-element-e89e462 elementor-widget__width-initial elementor-widget-tablet__width-inherit elementor-widget elementor-widget-heading\" data-id=\"e89e462\" data-element_type=\"widget\" data-widget_type=\"heading.default\">\n\t\t\t\t<div class=\"elementor-widget-container\">\n\t\t\t\t\t<h2 class=\"elementor-heading-title elementor-size-default\">100%iger Ersatz des Einsatzes von chemischen D\u00fcngemitteln w\u00e4hrend des gesamten Zyklus\n<\/h2>\t\t\t\t<\/div>\n\t\t\t\t<\/div>\n\t\t\t\t<div class=\"elementor-element elementor-element-2438915 elementor-widget__width-inherit elementor-widget-tablet__width-inherit elementor-widget elementor-widget-text-editor\" data-id=\"2438915\" data-element_type=\"widget\" data-widget_type=\"text-editor.default\">\n\t\t\t\t<div class=\"elementor-widget-container\">\n\t\t\t\t\t\t\t\t\t<p class=\"p1\">Aufgrund seines nat\u00fcrlichen Ursprungs als gemahlenes Gestein und der betr\u00e4chtlichen Vorteile, die es f\u00fcr Pflanzen und Umwelt hat, erleichtert es diesen Prozess, indem es ihn erm\u00f6glicht.<\/p>\t\t\t\t\t\t\t\t<\/div>\n\t\t\t\t<\/div>\n\t\t\t\t\t<\/div>\n\t\t<\/div>\n\t\t\t\t\t<\/div>\n\t\t<\/section>\n\t\t\t\t<\/div>","protected":false},"excerpt":{"rendered":"<p>Autorizzato in tutti i disciplinari di produzione 100% naturale e risponde perfettamente a tutte le richieste normative. Si inserisce perfettamente in questo ambito essendo 100% naturale La Commissione Europea sta lavorando da anni all\u2019ambizioso progetto (GREEN DEAL) di rendere l\u2019Europa il primo continente ad impatto climatico ambientale zero entro il 2050. Per farlo sta orientando [&hellip;]<\/p>","protected":false},"author":1,"featured_media":848,"parent":0,"menu_order":0,"comment_status":"closed","ping_status":"closed","template":"","meta":{"_acf_changed":false,"footnotes":""},"class_list":["post-829","page","type-page","status-publish","has-post-thumbnail","hentry"],"acf":[],"yoast_head":"<!-- This site is optimized with the Yoast SEO plugin v26.5 - https:\/\/yoast.com\/wordpress\/plugins\/seo\/ -->\n<title>Normative - Abomin<\/title>\n<meta name=\"description\" content=\"Abomin \u00e8 autorizzato in tutti i disciplinari di produzione. \u00c8 100% naturale e risponde a tutte le richieste normative. Scopri di pi\u00f9!\" \/>\n<meta name=\"robots\" content=\"index, follow, max-snippet:-1, max-image-preview:large, max-video-preview:-1\" \/>\n<link rel=\"canonical\" href=\"https:\/\/www.abomin.net\/de\/normative\/\" \/>\n<meta property=\"og:locale\" content=\"de_DE\" \/>\n<meta property=\"og:type\" content=\"article\" \/>\n<meta property=\"og:title\" content=\"Normative - Abomin\" \/>\n<meta property=\"og:description\" content=\"Abomin \u00e8 autorizzato in tutti i disciplinari di produzione. \u00c8 100% naturale e risponde a tutte le richieste normative. Scopri di pi\u00f9!\" \/>\n<meta property=\"og:url\" content=\"https:\/\/www.abomin.net\/de\/normative\/\" \/>\n<meta property=\"og:site_name\" content=\"Abomin\" \/>\n<meta property=\"article:modified_time\" content=\"2025-10-07T09:27:18+00:00\" \/>\n<meta property=\"og:image\" content=\"https:\/\/www.abomin.net\/wp-content\/uploads\/2023\/10\/normative1.jpg\" \/>\n\t<meta property=\"og:image:width\" content=\"593\" \/>\n\t<meta property=\"og:image:height\" content=\"593\" \/>\n\t<meta property=\"og:image:type\" content=\"image\/jpeg\" \/>\n<meta name=\"twitter:card\" content=\"summary_large_image\" \/>\n<meta name=\"twitter:label1\" content=\"Gesch\u00e4tzte Lesezeit\" \/>\n\t<meta name=\"twitter:data1\" content=\"1\u00a0Minute\" \/>\n<script type=\"application\/ld+json\" class=\"yoast-schema-graph\">{\"@context\":\"https:\/\/schema.org\",\"@graph\":[{\"@type\":\"WebPage\",\"@id\":\"https:\/\/www.abomin.net\/normative\/\",\"url\":\"https:\/\/www.abomin.net\/normative\/\",\"name\":\"Normative - Abomin\",\"isPartOf\":{\"@id\":\"https:\/\/www.abomin.net\/#website\"},\"primaryImageOfPage\":{\"@id\":\"https:\/\/www.abomin.net\/normative\/#primaryimage\"},\"image\":{\"@id\":\"https:\/\/www.abomin.net\/normative\/#primaryimage\"},\"thumbnailUrl\":\"https:\/\/www.abomin.net\/wp-content\/uploads\/2023\/10\/normative1.jpg\",\"datePublished\":\"2023-10-13T11:53:45+00:00\",\"dateModified\":\"2025-10-07T09:27:18+00:00\",\"description\":\"Abomin \u00e8 autorizzato in tutti i disciplinari di produzione. \u00c8 100% naturale e risponde a tutte le richieste normative. Scopri di pi\u00f9!\",\"breadcrumb\":{\"@id\":\"https:\/\/www.abomin.net\/normative\/#breadcrumb\"},\"inLanguage\":\"de\",\"potentialAction\":[{\"@type\":\"ReadAction\",\"target\":[\"https:\/\/www.abomin.net\/normative\/\"]}]},{\"@type\":\"ImageObject\",\"inLanguage\":\"de\",\"@id\":\"https:\/\/www.abomin.net\/normative\/#primaryimage\",\"url\":\"https:\/\/www.abomin.net\/wp-content\/uploads\/2023\/10\/normative1.jpg\",\"contentUrl\":\"https:\/\/www.abomin.net\/wp-content\/uploads\/2023\/10\/normative1.jpg\",\"width\":593,\"height\":593,\"caption\":\"mano che tiene un grappolo d'uva, sullo sfondo le vigne e i raggi del sole\"},{\"@type\":\"BreadcrumbList\",\"@id\":\"https:\/\/www.abomin.net\/normative\/#breadcrumb\",\"itemListElement\":[{\"@type\":\"ListItem\",\"position\":1,\"name\":\"Home\",\"item\":\"https:\/\/www.abomin.net\/\"},{\"@type\":\"ListItem\",\"position\":2,\"name\":\"Normative\"}]},{\"@type\":\"WebSite\",\"@id\":\"https:\/\/www.abomin.net\/#website\",\"url\":\"https:\/\/www.abomin.net\/\",\"name\":\"Abomin\",\"description\":\"\",\"publisher\":{\"@id\":\"https:\/\/www.abomin.net\/#organization\"},\"potentialAction\":[{\"@type\":\"SearchAction\",\"target\":{\"@type\":\"EntryPoint\",\"urlTemplate\":\"https:\/\/www.abomin.net\/?s={search_term_string}\"},\"query-input\":{\"@type\":\"PropertyValueSpecification\",\"valueRequired\":true,\"valueName\":\"search_term_string\"}}],\"inLanguage\":\"de\"},{\"@type\":\"Organization\",\"@id\":\"https:\/\/www.abomin.net\/#organization\",\"name\":\"Abomin\",\"url\":\"https:\/\/www.abomin.net\/\",\"logo\":{\"@type\":\"ImageObject\",\"inLanguage\":\"de\",\"@id\":\"https:\/\/www.abomin.net\/#\/schema\/logo\/image\/\",\"url\":\"https:\/\/www.abomin.net\/wp-content\/uploads\/2023\/08\/Logo-Abomin.png\",\"contentUrl\":\"https:\/\/www.abomin.net\/wp-content\/uploads\/2023\/08\/Logo-Abomin.png\",\"width\":523,\"height\":218,\"caption\":\"Abomin\"},\"image\":{\"@id\":\"https:\/\/www.abomin.net\/#\/schema\/logo\/image\/\"}}]}<\/script>\n<!-- \/ Yoast SEO plugin. -->","yoast_head_json":{"title":"Vorschriften \u2013 Abomin","description":"Abomin ist in allen Produktionsvorschriften zugelassen. Es ist zu 100 % nat\u00fcrlich und erf\u00fcllt alle gesetzlichen Anforderungen. Erfahren Sie mehr!","robots":{"index":"index","follow":"follow","max-snippet":"max-snippet:-1","max-image-preview":"max-image-preview:large","max-video-preview":"max-video-preview:-1"},"canonical":"https:\/\/www.abomin.net\/de\/normative\/","og_locale":"de_DE","og_type":"article","og_title":"Normative - Abomin","og_description":"Abomin \u00e8 autorizzato in tutti i disciplinari di produzione. \u00c8 100% naturale e risponde a tutte le richieste normative. Scopri di pi\u00f9!","og_url":"https:\/\/www.abomin.net\/de\/normative\/","og_site_name":"Abomin","article_modified_time":"2025-10-07T09:27:18+00:00","og_image":[{"width":593,"height":593,"url":"https:\/\/www.abomin.net\/wp-content\/uploads\/2023\/10\/normative1.jpg","type":"image\/jpeg"}],"twitter_card":"summary_large_image","twitter_misc":{"Gesch\u00e4tzte Lesezeit":"1\u00a0Minute"},"schema":{"@context":"https:\/\/schema.org","@graph":[{"@type":"WebPage","@id":"https:\/\/www.abomin.net\/normative\/","url":"https:\/\/www.abomin.net\/normative\/","name":"Vorschriften \u2013 Abomin","isPartOf":{"@id":"https:\/\/www.abomin.net\/#website"},"primaryImageOfPage":{"@id":"https:\/\/www.abomin.net\/normative\/#primaryimage"},"image":{"@id":"https:\/\/www.abomin.net\/normative\/#primaryimage"},"thumbnailUrl":"https:\/\/www.abomin.net\/wp-content\/uploads\/2023\/10\/normative1.jpg","datePublished":"2023-10-13T11:53:45+00:00","dateModified":"2025-10-07T09:27:18+00:00","description":"Abomin ist in allen Produktionsvorschriften zugelassen. Es ist zu 100 % nat\u00fcrlich und erf\u00fcllt alle gesetzlichen Anforderungen. Erfahren Sie mehr!","breadcrumb":{"@id":"https:\/\/www.abomin.net\/normative\/#breadcrumb"},"inLanguage":"de","potentialAction":[{"@type":"ReadAction","target":["https:\/\/www.abomin.net\/normative\/"]}]},{"@type":"ImageObject","inLanguage":"de","@id":"https:\/\/www.abomin.net\/normative\/#primaryimage","url":"https:\/\/www.abomin.net\/wp-content\/uploads\/2023\/10\/normative1.jpg","contentUrl":"https:\/\/www.abomin.net\/wp-content\/uploads\/2023\/10\/normative1.jpg","width":593,"height":593,"caption":"mano che tiene un grappolo d'uva, sullo sfondo le vigne e i raggi del sole"},{"@type":"BreadcrumbList","@id":"https:\/\/www.abomin.net\/normative\/#breadcrumb","itemListElement":[{"@type":"ListItem","position":1,"name":"Home","item":"https:\/\/www.abomin.net\/"},{"@type":"ListItem","position":2,"name":"Normative"}]},{"@type":"WebSite","@id":"https:\/\/www.abomin.net\/#website","url":"https:\/\/www.abomin.net\/","name":"Abomin","description":"","publisher":{"@id":"https:\/\/www.abomin.net\/#organization"},"potentialAction":[{"@type":"SearchAction","target":{"@type":"EntryPoint","urlTemplate":"https:\/\/www.abomin.net\/?s={search_term_string}"},"query-input":{"@type":"PropertyValueSpecification","valueRequired":true,"valueName":"search_term_string"}}],"inLanguage":"de"},{"@type":"Organization","@id":"https:\/\/www.abomin.net\/#organization","name":"Abomin","url":"https:\/\/www.abomin.net\/","logo":{"@type":"ImageObject","inLanguage":"de","@id":"https:\/\/www.abomin.net\/#\/schema\/logo\/image\/","url":"https:\/\/www.abomin.net\/wp-content\/uploads\/2023\/08\/Logo-Abomin.png","contentUrl":"https:\/\/www.abomin.net\/wp-content\/uploads\/2023\/08\/Logo-Abomin.png","width":523,"height":218,"caption":"Abomin"},"image":{"@id":"https:\/\/www.abomin.net\/#\/schema\/logo\/image\/"}}]}},"_links":{"self":[{"href":"https:\/\/www.abomin.net\/de\/wp-json\/wp\/v2\/pages\/829","targetHints":{"allow":["GET"]}}],"collection":[{"href":"https:\/\/www.abomin.net\/de\/wp-json\/wp\/v2\/pages"}],"about":[{"href":"https:\/\/www.abomin.net\/de\/wp-json\/wp\/v2\/types\/page"}],"author":[{"embeddable":true,"href":"https:\/\/www.abomin.net\/de\/wp-json\/wp\/v2\/users\/1"}],"replies":[{"embeddable":true,"href":"https:\/\/www.abomin.net\/de\/wp-json\/wp\/v2\/comments?post=829"}],"version-history":[{"count":6,"href":"https:\/\/www.abomin.net\/de\/wp-json\/wp\/v2\/pages\/829\/revisions"}],"predecessor-version":[{"id":5124,"href":"https:\/\/www.abomin.net\/de\/wp-json\/wp\/v2\/pages\/829\/revisions\/5124"}],"wp:featuredmedia":[{"embeddable":true,"href":"https:\/\/www.abomin.net\/de\/wp-json\/wp\/v2\/media\/848"}],"wp:attachment":[{"href":"https:\/\/www.abomin.net\/de\/wp-json\/wp\/v2\/media?parent=829"}],"curies":[{"name":"wp","href":"https:\/\/api.w.org\/{rel}","templated":true}]}}