{"id":2046,"date":"2023-11-08T16:14:18","date_gmt":"2023-11-08T15:14:18","guid":{"rendered":"https:\/\/abomin.net\/?page_id=2046"},"modified":"2025-10-07T11:02:25","modified_gmt":"2025-10-07T09:02:25","slug":"caratteristiche","status":"publish","type":"page","link":"https:\/\/www.abomin.net\/es\/caratteristiche\/","title":{"rendered":"Caracter\u00edsticas"},"content":{"rendered":"<div data-elementor-type=\"wp-page\" data-elementor-id=\"2046\" class=\"elementor elementor-2046\" data-elementor-post-type=\"page\">\n\t\t\t\t\t\t<section class=\"elementor-section elementor-top-section elementor-element elementor-element-ecb497f elementor-section-height-min-height elementor-section-boxed elementor-section-height-default elementor-section-items-middle\" data-id=\"ecb497f\" data-element_type=\"section\" data-settings=\"{&quot;background_background&quot;:&quot;classic&quot;}\">\n\t\t\t\t\t\t\t<div class=\"elementor-background-overlay\"><\/div>\n\t\t\t\t\t\t\t<div class=\"elementor-container elementor-column-gap-default\">\n\t\t\t\t\t<div class=\"elementor-column elementor-col-100 elementor-top-column elementor-element elementor-element-89f3152\" data-id=\"89f3152\" data-element_type=\"column\">\n\t\t\t<div class=\"elementor-widget-wrap elementor-element-populated\">\n\t\t\t\t\t\t<div class=\"elementor-element elementor-element-0056070 elementor-invisible elementor-widget elementor-widget-heading\" data-id=\"0056070\" data-element_type=\"widget\" data-settings=\"{&quot;_animation&quot;:&quot;fadeIn&quot;}\" data-widget_type=\"heading.default\">\n\t\t\t\t<div class=\"elementor-widget-container\">\n\t\t\t\t\t<h1 class=\"elementor-heading-title elementor-size-default\">Soluciones foliares y radiculares de 360\u00b0<\/h1>\t\t\t\t<\/div>\n\t\t\t\t<\/div>\n\t\t\t\t<div class=\"elementor-element elementor-element-ec36383 elementor-widget elementor-widget-text-editor\" data-id=\"ec36383\" data-element_type=\"widget\" data-widget_type=\"text-editor.default\">\n\t\t\t\t<div class=\"elementor-widget-container\">\n\t\t\t\t\t\t\t\t\t<p class=\"p1\"><span class=\"s1\">Con elementos naturales y una perfecta sinergia entre ellos, es la nutrici\u00f3n ideal para todos los cultivos.<\/span><\/p>\t\t\t\t\t\t\t\t<\/div>\n\t\t\t\t<\/div>\n\t\t\t\t\t<\/div>\n\t\t<\/div>\n\t\t\t\t\t<\/div>\n\t\t<\/section>\n\t\t\t\t<section class=\"elementor-section elementor-top-section elementor-element elementor-element-e2e1a88 sezione-standard-top elementor-section-boxed elementor-section-height-default elementor-section-height-default\" data-id=\"e2e1a88\" data-element_type=\"section\">\n\t\t\t\t\t\t<div class=\"elementor-container elementor-column-gap-default\">\n\t\t\t\t\t<div class=\"elementor-column elementor-col-50 elementor-top-column elementor-element elementor-element-a2da4bc\" data-id=\"a2da4bc\" data-element_type=\"column\">\n\t\t\t<div class=\"elementor-widget-wrap elementor-element-populated\">\n\t\t\t\t\t\t<div class=\"elementor-element elementor-element-decf9fe elementor-widget__width-initial elementor-widget-tablet__width-inherit elementor-widget elementor-widget-heading\" data-id=\"decf9fe\" data-element_type=\"widget\" data-widget_type=\"heading.default\">\n\t\t\t\t<div class=\"elementor-widget-container\">\n\t\t\t\t\t<h2 class=\"elementor-heading-title elementor-size-default\">Filosof\u00eda productiva<\/h2>\t\t\t\t<\/div>\n\t\t\t\t<\/div>\n\t\t\t\t<div class=\"elementor-element elementor-element-422d681 elementor-widget__width-inherit elementor-widget-tablet__width-inherit elementor-widget elementor-widget-text-editor\" data-id=\"422d681\" data-element_type=\"widget\" data-widget_type=\"text-editor.default\">\n\t\t\t\t<div class=\"elementor-widget-container\">\n\t\t\t\t\t\t\t\t\t<p class=\"p1\"><span class=\"s1\">Contiene m\u00e1s de 80 elementos, empezando por los principales, como el f\u00f3sforo, el potasio, el calcio, el magnesio y el azufre, para seguir con microelementos como el hierro, el boro, el manganeso y el zinc, y muchos otros nanoelementos como el silicio, el selenio, el cobalto, el cerio, el vanadio, el cobre, el molibdeno, el itrio, el estroncio y muchos m\u00e1s.<\/span><\/p><p><img decoding=\"async\" class=\"alignnone wp-image-2183\" src=\"https:\/\/abomin.net\/wp-content\/uploads\/2023\/12\/caratteristiche2_ESP.png\" alt=\"\" width=\"463\" height=\"74\" srcset=\"\" sizes=\"(max-width: 463px) 100vw, 463px\" data-srcset=\"\" \/><\/p>\t\t\t\t\t\t\t\t<\/div>\n\t\t\t\t<\/div>\n\t\t\t\t\t<\/div>\n\t\t<\/div>\n\t\t\t\t<div class=\"elementor-column elementor-col-50 elementor-top-column elementor-element elementor-element-82587e2\" data-id=\"82587e2\" data-element_type=\"column\" data-settings=\"{&quot;background_background&quot;:&quot;classic&quot;}\">\n\t\t\t<div class=\"elementor-widget-wrap elementor-element-populated\">\n\t\t\t\t\t\t<div class=\"elementor-element elementor-element-d6cfc64 elementor-widget elementor-widget-image\" data-id=\"d6cfc64\" data-element_type=\"widget\" data-widget_type=\"image.default\">\n\t\t\t\t<div class=\"elementor-widget-container\">\n\t\t\t\t\t\t\t\t\t\t\t\t\t\t\t<img fetchpriority=\"high\" decoding=\"async\" width=\"1206\" height=\"1257\" src=\"https:\/\/www.abomin.net\/wp-content\/uploads\/2023\/11\/filosofia-abomin.jpg\" class=\"attachment-full size-full wp-image-2052\" alt=\"\" srcset=\"https:\/\/www.abomin.net\/wp-content\/uploads\/2023\/11\/filosofia-abomin.jpg 1206w, https:\/\/www.abomin.net\/wp-content\/uploads\/2023\/11\/filosofia-abomin-288x300.jpg 288w, https:\/\/www.abomin.net\/wp-content\/uploads\/2023\/11\/filosofia-abomin-982x1024.jpg 982w, https:\/\/www.abomin.net\/wp-content\/uploads\/2023\/11\/filosofia-abomin-768x800.jpg 768w, https:\/\/www.abomin.net\/wp-content\/uploads\/2023\/11\/filosofia-abomin-12x12.jpg 12w\" sizes=\"(max-width: 1206px) 100vw, 1206px\" \/>\t\t\t\t\t\t\t\t\t\t\t\t\t\t\t<\/div>\n\t\t\t\t<\/div>\n\t\t\t\t\t<\/div>\n\t\t<\/div>\n\t\t\t\t\t<\/div>\n\t\t<\/section>\n\t\t\t\t<section class=\"elementor-section elementor-top-section elementor-element elementor-element-4f33675 sezione-standard elementor-reverse-mobile elementor-section-boxed elementor-section-height-default elementor-section-height-default\" data-id=\"4f33675\" data-element_type=\"section\">\n\t\t\t\t\t\t<div class=\"elementor-container elementor-column-gap-default\">\n\t\t\t\t\t<div class=\"elementor-column elementor-col-50 elementor-top-column elementor-element elementor-element-d714083\" data-id=\"d714083\" data-element_type=\"column\" data-settings=\"{&quot;background_background&quot;:&quot;classic&quot;}\">\n\t\t\t<div class=\"elementor-widget-wrap elementor-element-populated\">\n\t\t\t\t\t\t<section class=\"elementor-section elementor-inner-section elementor-element elementor-element-0c587ff elementor-section-boxed elementor-section-height-default elementor-section-height-default\" data-id=\"0c587ff\" data-element_type=\"section\">\n\t\t\t\t\t\t<div class=\"elementor-container elementor-column-gap-default\">\n\t\t\t\t\t<div class=\"elementor-column elementor-col-50 elementor-inner-column elementor-element elementor-element-56142c5\" data-id=\"56142c5\" data-element_type=\"column\">\n\t\t\t<div class=\"elementor-widget-wrap elementor-element-populated\">\n\t\t\t\t\t\t<div class=\"elementor-element elementor-element-752b238 elementor-widget elementor-widget-text-editor\" data-id=\"752b238\" data-element_type=\"widget\" data-widget_type=\"text-editor.default\">\n\t\t\t\t<div class=\"elementor-widget-container\">\n\t\t\t\t\t\t\t\t\t<p><strong>Antagonismo<\/strong><br \/>Los nutrientes pueden obstaculizar la absorci\u00f3n de los dem\u00e1s si las relaciones mutuas entre las diversas sustancias no son correctas.<\/p>\t\t\t\t\t\t\t\t<\/div>\n\t\t\t\t<\/div>\n\t\t\t\t\t<\/div>\n\t\t<\/div>\n\t\t\t\t<div class=\"elementor-column elementor-col-50 elementor-inner-column elementor-element elementor-element-7bd1f11\" data-id=\"7bd1f11\" data-element_type=\"column\">\n\t\t\t<div class=\"elementor-widget-wrap elementor-element-populated\">\n\t\t\t\t\t\t<div class=\"elementor-element elementor-element-abb48d7 elementor-widget elementor-widget-text-editor\" data-id=\"abb48d7\" data-element_type=\"widget\" data-widget_type=\"text-editor.default\">\n\t\t\t\t<div class=\"elementor-widget-container\">\n\t\t\t\t\t\t\t\t\t<p><strong>Sinergia<\/strong><br \/>Hablamos de efecto sin\u00e9rgico cuando la reacci\u00f3n de dos o m\u00e1s nutrientes crea un resultado que no se puede obtener individualmente.<\/p>\t\t\t\t\t\t\t\t<\/div>\n\t\t\t\t<\/div>\n\t\t\t\t\t<\/div>\n\t\t<\/div>\n\t\t\t\t\t<\/div>\n\t\t<\/section>\n\t\t\t\t<div class=\"elementor-element elementor-element-29e5ab2 elementor-widget elementor-widget-image\" data-id=\"29e5ab2\" data-element_type=\"widget\" data-widget_type=\"image.default\">\n\t\t\t\t<div class=\"elementor-widget-container\">\n\t\t\t\t\t\t\t\t\t\t\t\t\t\t\t<img decoding=\"async\" width=\"364\" height=\"355\" src=\"https:\/\/www.abomin.net\/wp-content\/uploads\/2024\/07\/image_3.png\" class=\"attachment-full size-full wp-image-3389\" alt=\"\" srcset=\"https:\/\/www.abomin.net\/wp-content\/uploads\/2024\/07\/image_3.png 364w, https:\/\/www.abomin.net\/wp-content\/uploads\/2024\/07\/image_3-300x293.png 300w, https:\/\/www.abomin.net\/wp-content\/uploads\/2024\/07\/image_3-12x12.png 12w\" sizes=\"(max-width: 364px) 100vw, 364px\" \/>\t\t\t\t\t\t\t\t\t\t\t\t\t\t\t<\/div>\n\t\t\t\t<\/div>\n\t\t\t\t<div class=\"elementor-element elementor-element-b8537ae elementor-widget elementor-widget-image\" data-id=\"b8537ae\" data-element_type=\"widget\" data-widget_type=\"image.default\">\n\t\t\t\t<div class=\"elementor-widget-container\">\n\t\t\t\t\t\t\t\t\t\t\t\t\t\t\t<img loading=\"lazy\" decoding=\"async\" width=\"470\" height=\"207\" src=\"https:\/\/www.abomin.net\/wp-content\/uploads\/2024\/07\/image_4.png\" class=\"attachment-large size-large wp-image-3401\" alt=\"\" srcset=\"https:\/\/www.abomin.net\/wp-content\/uploads\/2024\/07\/image_4.png 470w, https:\/\/www.abomin.net\/wp-content\/uploads\/2024\/07\/image_4-300x132.png 300w, https:\/\/www.abomin.net\/wp-content\/uploads\/2024\/07\/image_4-18x8.png 18w\" sizes=\"(max-width: 470px) 100vw, 470px\" \/>\t\t\t\t\t\t\t\t\t\t\t\t\t\t\t<\/div>\n\t\t\t\t<\/div>\n\t\t\t\t\t<\/div>\n\t\t<\/div>\n\t\t\t\t<div class=\"elementor-column elementor-col-50 elementor-top-column elementor-element elementor-element-6565e05\" data-id=\"6565e05\" data-element_type=\"column\">\n\t\t\t<div class=\"elementor-widget-wrap elementor-element-populated\">\n\t\t\t\t\t\t<div class=\"elementor-element elementor-element-e89e462 elementor-widget__width-initial elementor-widget-tablet__width-inherit elementor-widget elementor-widget-heading\" data-id=\"e89e462\" data-element_type=\"widget\" data-widget_type=\"heading.default\">\n\t\t\t\t<div class=\"elementor-widget-container\">\n\t\t\t\t\t<h2 class=\"elementor-heading-title elementor-size-default\">Desata toda la fuerza<br>\nder nat\u00fcrlichen Elemente.<\/h2>\t\t\t\t<\/div>\n\t\t\t\t<\/div>\n\t\t\t\t<div class=\"elementor-element elementor-element-37161ea elementor-widget elementor-widget-text-editor\" data-id=\"37161ea\" data-element_type=\"widget\" data-widget_type=\"text-editor.default\">\n\t\t\t\t<div class=\"elementor-widget-container\">\n\t\t\t\t\t\t\t\t\t<p><strong>Abomin te proporcionar\u00e1 la sinergia perfecta.<\/strong><br \/>La combinaci\u00f3n de todos los elementos, especialmente la relaci\u00f3n de intercambio entre las distintas sustancias, crea una absorci\u00f3n ideal de todos los nutrientes.<\/p>\t\t\t\t\t\t\t\t<\/div>\n\t\t\t\t<\/div>\n\t\t\t\t\t<\/div>\n\t\t<\/div>\n\t\t\t\t\t<\/div>\n\t\t<\/section>\n\t\t\t\t<\/div>","protected":false},"excerpt":{"rendered":"<p>Soluzioni fogliari e radicali a 360\u00b0 Grazie a elementi naturali e con una sinergia perfetta tra di loro, \u00e8 la nutrizione ideale per tutte le colture. Filosofia produttiva Contiene circa 80+ elementi partendo dai principali come fosforo, potassio, calcio, magnesio e zolfo, passando poi a micro elementi come, ferro, boro, manganese e zinco, e tanti [&hellip;]<\/p>","protected":false},"author":2,"featured_media":1380,"parent":0,"menu_order":0,"comment_status":"closed","ping_status":"closed","template":"","meta":{"_acf_changed":false,"footnotes":""},"class_list":["post-2046","page","type-page","status-publish","has-post-thumbnail","hentry"],"acf":[],"yoast_head":"<!-- This site is optimized with the Yoast SEO plugin v26.5 - https:\/\/yoast.com\/wordpress\/plugins\/seo\/ -->\n<title>Caratteristiche - Abomin<\/title>\n<meta name=\"description\" content=\"Scopri le caratteristiche delle soluzioni Abomin e i benefici di una nutrizione adatta a tutte le coltivazioni.\" \/>\n<meta name=\"robots\" content=\"index, follow, max-snippet:-1, max-image-preview:large, max-video-preview:-1\" \/>\n<link rel=\"canonical\" href=\"https:\/\/www.abomin.net\/es\/caratteristiche\/\" \/>\n<meta property=\"og:locale\" content=\"es_ES\" \/>\n<meta property=\"og:type\" content=\"article\" \/>\n<meta property=\"og:title\" content=\"Caratteristiche - Abomin\" \/>\n<meta property=\"og:description\" content=\"Scopri le caratteristiche delle soluzioni Abomin e i benefici di una nutrizione adatta a tutte le coltivazioni.\" \/>\n<meta property=\"og:url\" content=\"https:\/\/www.abomin.net\/es\/caratteristiche\/\" \/>\n<meta property=\"og:site_name\" content=\"Abomin\" \/>\n<meta property=\"article:modified_time\" content=\"2025-10-07T09:02:25+00:00\" \/>\n<meta property=\"og:image\" content=\"https:\/\/www.abomin.net\/wp-content\/uploads\/2023\/10\/bkg-media.jpg\" \/>\n\t<meta property=\"og:image:width\" content=\"1440\" \/>\n\t<meta property=\"og:image:height\" content=\"600\" \/>\n\t<meta property=\"og:image:type\" content=\"image\/jpeg\" \/>\n<meta name=\"twitter:card\" content=\"summary_large_image\" \/>\n<meta name=\"twitter:label1\" content=\"Tiempo de lectura\" \/>\n\t<meta name=\"twitter:data1\" content=\"2 minutos\" \/>\n<script type=\"application\/ld+json\" class=\"yoast-schema-graph\">{\"@context\":\"https:\/\/schema.org\",\"@graph\":[{\"@type\":\"WebPage\",\"@id\":\"https:\/\/www.abomin.net\/caratteristiche\/\",\"url\":\"https:\/\/www.abomin.net\/caratteristiche\/\",\"name\":\"Caratteristiche - Abomin\",\"isPartOf\":{\"@id\":\"https:\/\/www.abomin.net\/#website\"},\"primaryImageOfPage\":{\"@id\":\"https:\/\/www.abomin.net\/caratteristiche\/#primaryimage\"},\"image\":{\"@id\":\"https:\/\/www.abomin.net\/caratteristiche\/#primaryimage\"},\"thumbnailUrl\":\"https:\/\/www.abomin.net\/wp-content\/uploads\/2023\/10\/bkg-media.jpg\",\"datePublished\":\"2023-11-08T15:14:18+00:00\",\"dateModified\":\"2025-10-07T09:02:25+00:00\",\"description\":\"Scopri le caratteristiche delle soluzioni Abomin e i benefici di una nutrizione adatta a tutte le coltivazioni.\",\"breadcrumb\":{\"@id\":\"https:\/\/www.abomin.net\/caratteristiche\/#breadcrumb\"},\"inLanguage\":\"es\",\"potentialAction\":[{\"@type\":\"ReadAction\",\"target\":[\"https:\/\/www.abomin.net\/caratteristiche\/\"]}]},{\"@type\":\"ImageObject\",\"inLanguage\":\"es\",\"@id\":\"https:\/\/www.abomin.net\/caratteristiche\/#primaryimage\",\"url\":\"https:\/\/www.abomin.net\/wp-content\/uploads\/2023\/10\/bkg-media.jpg\",\"contentUrl\":\"https:\/\/www.abomin.net\/wp-content\/uploads\/2023\/10\/bkg-media.jpg\",\"width\":1440,\"height\":600,\"caption\":\"immagine di un campo di terra, sullo sfondo alcuni alberi, sopra un cielo all'alba\"},{\"@type\":\"BreadcrumbList\",\"@id\":\"https:\/\/www.abomin.net\/caratteristiche\/#breadcrumb\",\"itemListElement\":[{\"@type\":\"ListItem\",\"position\":1,\"name\":\"Home\",\"item\":\"https:\/\/www.abomin.net\/\"},{\"@type\":\"ListItem\",\"position\":2,\"name\":\"Caratteristiche\"}]},{\"@type\":\"WebSite\",\"@id\":\"https:\/\/www.abomin.net\/#website\",\"url\":\"https:\/\/www.abomin.net\/\",\"name\":\"Abomin\",\"description\":\"\",\"publisher\":{\"@id\":\"https:\/\/www.abomin.net\/#organization\"},\"potentialAction\":[{\"@type\":\"SearchAction\",\"target\":{\"@type\":\"EntryPoint\",\"urlTemplate\":\"https:\/\/www.abomin.net\/?s={search_term_string}\"},\"query-input\":{\"@type\":\"PropertyValueSpecification\",\"valueRequired\":true,\"valueName\":\"search_term_string\"}}],\"inLanguage\":\"es\"},{\"@type\":\"Organization\",\"@id\":\"https:\/\/www.abomin.net\/#organization\",\"name\":\"Abomin\",\"url\":\"https:\/\/www.abomin.net\/\",\"logo\":{\"@type\":\"ImageObject\",\"inLanguage\":\"es\",\"@id\":\"https:\/\/www.abomin.net\/#\/schema\/logo\/image\/\",\"url\":\"https:\/\/www.abomin.net\/wp-content\/uploads\/2023\/08\/Logo-Abomin.png\",\"contentUrl\":\"https:\/\/www.abomin.net\/wp-content\/uploads\/2023\/08\/Logo-Abomin.png\",\"width\":523,\"height\":218,\"caption\":\"Abomin\"},\"image\":{\"@id\":\"https:\/\/www.abomin.net\/#\/schema\/logo\/image\/\"}}]}<\/script>\n<!-- \/ Yoast SEO plugin. -->","yoast_head_json":{"title":"Caracter\u00edsticas - Abomin","description":"Descubra las caracter\u00edsticas de las soluciones Abomin y los beneficios de una nutrici\u00f3n adecuada para todos los cultivos.","robots":{"index":"index","follow":"follow","max-snippet":"max-snippet:-1","max-image-preview":"max-image-preview:large","max-video-preview":"max-video-preview:-1"},"canonical":"https:\/\/www.abomin.net\/es\/caratteristiche\/","og_locale":"es_ES","og_type":"article","og_title":"Caratteristiche - Abomin","og_description":"Scopri le caratteristiche delle soluzioni Abomin e i benefici di una nutrizione adatta a tutte le coltivazioni.","og_url":"https:\/\/www.abomin.net\/es\/caratteristiche\/","og_site_name":"Abomin","article_modified_time":"2025-10-07T09:02:25+00:00","og_image":[{"width":1440,"height":600,"url":"https:\/\/www.abomin.net\/wp-content\/uploads\/2023\/10\/bkg-media.jpg","type":"image\/jpeg"}],"twitter_card":"summary_large_image","twitter_misc":{"Tiempo de lectura":"2 minutos"},"schema":{"@context":"https:\/\/schema.org","@graph":[{"@type":"WebPage","@id":"https:\/\/www.abomin.net\/caratteristiche\/","url":"https:\/\/www.abomin.net\/caratteristiche\/","name":"Caracter\u00edsticas - Abomin","isPartOf":{"@id":"https:\/\/www.abomin.net\/#website"},"primaryImageOfPage":{"@id":"https:\/\/www.abomin.net\/caratteristiche\/#primaryimage"},"image":{"@id":"https:\/\/www.abomin.net\/caratteristiche\/#primaryimage"},"thumbnailUrl":"https:\/\/www.abomin.net\/wp-content\/uploads\/2023\/10\/bkg-media.jpg","datePublished":"2023-11-08T15:14:18+00:00","dateModified":"2025-10-07T09:02:25+00:00","description":"Descubra las caracter\u00edsticas de las soluciones Abomin y los beneficios de una nutrici\u00f3n adecuada para todos los cultivos.","breadcrumb":{"@id":"https:\/\/www.abomin.net\/caratteristiche\/#breadcrumb"},"inLanguage":"es","potentialAction":[{"@type":"ReadAction","target":["https:\/\/www.abomin.net\/caratteristiche\/"]}]},{"@type":"ImageObject","inLanguage":"es","@id":"https:\/\/www.abomin.net\/caratteristiche\/#primaryimage","url":"https:\/\/www.abomin.net\/wp-content\/uploads\/2023\/10\/bkg-media.jpg","contentUrl":"https:\/\/www.abomin.net\/wp-content\/uploads\/2023\/10\/bkg-media.jpg","width":1440,"height":600,"caption":"immagine di un campo di terra, sullo sfondo alcuni alberi, sopra un cielo all'alba"},{"@type":"BreadcrumbList","@id":"https:\/\/www.abomin.net\/caratteristiche\/#breadcrumb","itemListElement":[{"@type":"ListItem","position":1,"name":"Home","item":"https:\/\/www.abomin.net\/"},{"@type":"ListItem","position":2,"name":"Caratteristiche"}]},{"@type":"WebSite","@id":"https:\/\/www.abomin.net\/#website","url":"https:\/\/www.abomin.net\/","name":"Abomin","description":"","publisher":{"@id":"https:\/\/www.abomin.net\/#organization"},"potentialAction":[{"@type":"SearchAction","target":{"@type":"EntryPoint","urlTemplate":"https:\/\/www.abomin.net\/?s={search_term_string}"},"query-input":{"@type":"PropertyValueSpecification","valueRequired":true,"valueName":"search_term_string"}}],"inLanguage":"es"},{"@type":"Organization","@id":"https:\/\/www.abomin.net\/#organization","name":"Abomin","url":"https:\/\/www.abomin.net\/","logo":{"@type":"ImageObject","inLanguage":"es","@id":"https:\/\/www.abomin.net\/#\/schema\/logo\/image\/","url":"https:\/\/www.abomin.net\/wp-content\/uploads\/2023\/08\/Logo-Abomin.png","contentUrl":"https:\/\/www.abomin.net\/wp-content\/uploads\/2023\/08\/Logo-Abomin.png","width":523,"height":218,"caption":"Abomin"},"image":{"@id":"https:\/\/www.abomin.net\/#\/schema\/logo\/image\/"}}]}},"_links":{"self":[{"href":"https:\/\/www.abomin.net\/es\/wp-json\/wp\/v2\/pages\/2046","targetHints":{"allow":["GET"]}}],"collection":[{"href":"https:\/\/www.abomin.net\/es\/wp-json\/wp\/v2\/pages"}],"about":[{"href":"https:\/\/www.abomin.net\/es\/wp-json\/wp\/v2\/types\/page"}],"author":[{"embeddable":true,"href":"https:\/\/www.abomin.net\/es\/wp-json\/wp\/v2\/users\/2"}],"replies":[{"embeddable":true,"href":"https:\/\/www.abomin.net\/es\/wp-json\/wp\/v2\/comments?post=2046"}],"version-history":[{"count":9,"href":"https:\/\/www.abomin.net\/es\/wp-json\/wp\/v2\/pages\/2046\/revisions"}],"predecessor-version":[{"id":5127,"href":"https:\/\/www.abomin.net\/es\/wp-json\/wp\/v2\/pages\/2046\/revisions\/5127"}],"wp:featuredmedia":[{"embeddable":true,"href":"https:\/\/www.abomin.net\/es\/wp-json\/wp\/v2\/media\/1380"}],"wp:attachment":[{"href":"https:\/\/www.abomin.net\/es\/wp-json\/wp\/v2\/media?parent=2046"}],"curies":[{"name":"wp","href":"https:\/\/api.w.org\/{rel}","templated":true}]}}